{"id":100,"date":"2024-01-23T18:01:35","date_gmt":"2024-01-23T17:01:35","guid":{"rendered":"https:\/\/discount-genealogie.lavoute.net\/?post_type=product&#038;p=100"},"modified":"2024-01-23T18:01:45","modified_gmt":"2024-01-23T17:01:45","slug":"napoleon-et-leconomie","status":"publish","type":"product","link":"https:\/\/discount-genealogie.lavoute.net\/index.php\/produit\/napoleon-et-leconomie\/","title":{"rendered":"Napol\u00e9on et l&rsquo;\u00e9conomie"},"content":{"rendered":"<p>Malgr\u00e9 son importance l&rsquo;histoire \u00e9conomique de l&rsquo;\u00e9poque napol\u00e9onienne est un sujet m\u00e9connu.<\/p>\n<p>L&rsquo;auteur l&rsquo;expose ici dans son ensemble et dans tous ses aspects techniques. pour l&rsquo;\u00e9clairer il analyse finement les rapports personnels de napol\u00e9on avec l&rsquo;\u00e9conomie et l&rsquo;argent. pour l&rsquo;expliquer il la lie aux derni\u00e8res ann\u00e9es de l&rsquo;ancien r\u00e9gime et aux d\u00e9buts de la restauration. pour la rendre accessible il a divis\u00e9 son \u00e9tude en de nombreux sous-chapitres dont les titres vivants &#8211; et parfois un peu provocateurs &#8211; expriment la dynamique de sa d\u00e9monstration.<\/p>\n<p>Le choix d&rsquo;une organisation \u00e9conomique se posa \u00e0 bonaparte d\u00e8s la campagne d&rsquo;\u00e9gypte : ce fut ensuite une r\u00e9v\u00e9lation avec un chef d&rsquo;\u00e9tat lib\u00e9ral \u00e0 l&rsquo;int\u00e9rieur et interventionniste dans les relations ext\u00e9rieures. il fut lib\u00e9ral protectionniste. \u00e9chec ou impuissance du politique ? le bilan \u00e9conomique est important mais l&rsquo;autoritarisme, qui contribuera \u00e0 un fonctionnement d\u00e9fectueux, aboutira finalement \u00e0 une impasse.<\/p>\n<div style=\"padding-bottom:20px; padding-top:10px;\" class=\"hupso-share-buttons\"><!-- Hupso Share Buttons - https:\/\/www.hupso.com\/share\/ --><a class=\"hupso_toolbar\" href=\"https:\/\/www.hupso.com\/share\/\"><img decoding=\"async\" src=\"https:\/\/static.hupso.com\/share\/buttons\/lang\/fr\/share-medium.png\" style=\"border:0px; padding-top: 5px; float:left;\" alt=\"Share Button\"\/><\/a><script type=\"text\/javascript\">var hupso_services_t=new Array(\"Twitter\",\"Facebook\",\"Pinterest\",\"Linkedin\",\"StumbleUpon\",\"Digg\",\"Reddit\",\"Bebo\",\"Delicious\");var hupso_background_t=\"#EAF4FF\";var hupso_border_t=\"#66CCFF\";var hupso_toolbar_size_t=\"medium\";var hupso_image_folder_url = \"\";var hupso_url_t=\"\";var hupso_title_t=\"Napol%C3%A9on%20et%20l%27%C3%A9conomie\";<\/script><script type=\"text\/javascript\" src=\"https:\/\/static.hupso.com\/share\/js\/share_toolbar.js\"><\/script><!-- Hupso Share Buttons --><\/div><div id=\"disco-949418731\" class=\"disco-pub2 disco-entity-placement\"><script async src=\"\/\/pagead2.googlesyndication.com\/pagead\/js\/adsbygoogle.js?client=ca-pub-8639961027790050\" crossorigin=\"anonymous\"><\/script><ins class=\"adsbygoogle\" style=\"display:block;\" data-ad-client=\"ca-pub-8639961027790050\" \ndata-ad-slot=\"\" \ndata-ad-format=\"auto\"><\/ins>\n<script> \n(adsbygoogle = window.adsbygoogle || []).push({}); \n<\/script>\n<\/div>","protected":false},"excerpt":{"rendered":"<p>Malgr\u00e9 son importance l&rsquo;histoire \u00e9conomique de l&rsquo;\u00e9poque napol\u00e9onienne est un sujet m\u00e9connu.<\/p>\n<div style=\"padding-bottom:20px; padding-top:10px;\" class=\"hupso-share-buttons\"><!-- Hupso Share Buttons - https:\/\/www.hupso.com\/share\/ --><a class=\"hupso_toolbar\" href=\"https:\/\/www.hupso.com\/share\/\"><img src=\"https:\/\/static.hupso.com\/share\/buttons\/lang\/fr\/share-medium.png\" style=\"border:0px; padding-top: 5px; float:left;\" alt=\"Share Button\"\/><\/a><script type=\"text\/javascript\">var hupso_services_t=new Array(\"Twitter\",\"Facebook\",\"Pinterest\",\"Linkedin\",\"StumbleUpon\",\"Digg\",\"Reddit\",\"Bebo\",\"Delicious\");var hupso_background_t=\"#EAF4FF\";var hupso_border_t=\"#66CCFF\";var hupso_toolbar_size_t=\"medium\";var hupso_image_folder_url = \"\";var hupso_url_t=\"\";var hupso_title_t=\"Napol%C3%A9on%20et%20l%27%C3%A9conomie\";<\/script><script type=\"text\/javascript\" src=\"https:\/\/static.hupso.com\/share\/js\/share_toolbar.js\"><\/script><!-- Hupso Share Buttons --><\/div>","protected":false},"featured_media":0,"comment_status":"open","ping_status":"closed","template":"","meta":[],"product_cat":[16],"product_tag":[],"_links":{"self":[{"href":"https:\/\/discount-genealogie.lavoute.net\/index.php\/wp-json\/wp\/v2\/product\/100"}],"collection":[{"href":"https:\/\/discount-genealogie.lavoute.net\/index.php\/wp-json\/wp\/v2\/product"}],"about":[{"href":"https:\/\/discount-genealogie.lavoute.net\/index.php\/wp-json\/wp\/v2\/types\/product"}],"replies":[{"embeddable":true,"href":"https:\/\/discount-genealogie.lavoute.net\/index.php\/wp-json\/wp\/v2\/comments?post=100"}],"wp:attachment":[{"href":"https:\/\/discount-genealogie.lavoute.net\/index.php\/wp-json\/wp\/v2\/media?parent=100"}],"wp:term":[{"taxonomy":"product_cat","embeddable":true,"href":"https:\/\/discount-genealogie.lavoute.net\/index.php\/wp-json\/wp\/v2\/product_cat?post=100"},{"taxonomy":"product_tag","embeddable":true,"href":"https:\/\/discount-genealogie.lavoute.net\/index.php\/wp-json\/wp\/v2\/product_tag?post=100"}],"curies":[{"name":"wp","href":"https:\/\/api.w.org\/{rel}","templated":true}]}}