{"id":104,"date":"2024-01-29T11:53:44","date_gmt":"2024-01-29T10:53:44","guid":{"rendered":"https:\/\/discount-genealogie.lavoute.net\/?post_type=product&#038;p=104"},"modified":"2024-01-29T12:23:59","modified_gmt":"2024-01-29T11:23:59","slug":"souvenir-de-la-marquise-de-saint-chamans","status":"publish","type":"product","link":"https:\/\/discount-genealogie.lavoute.net\/index.php\/produit\/souvenir-de-la-marquise-de-saint-chamans\/","title":{"rendered":"Souvenir de la Marquise de Saint-Chamans"},"content":{"rendered":"<p>Fille d&rsquo;un pauvre ma\u00eetre de poste de Lituanie, la marquise de Saint Chamans est n\u00e9e El\u00e9onore Dombrowska.<\/p>\n<p>Son destin bascule un jour de 1801, o\u00f9 elle est recueillie par la princesse Louise de Cond\u00e9 qui se rend du couvent de Nieswiez en Lituanie, \u00e0 celui de Varsovie, et qui la gardera constamment aupr\u00e8s d&rsquo;elle jusqu&rsquo;\u00e0 sa mort en 1824. Dans ses Souvenirs in\u00e9dits conserv\u00e9s aux archives de l&rsquo;abbaye Saint-Louis du Temple, El\u00e9onore \u00e9voque la vingtaine d&rsquo;ann\u00e9es pass\u00e9es dans l&rsquo;ombre de celle qui fut sa \u00a0\u00bb ch\u00e8re marraine \u00ab\u00a0, sa \u00a0\u00bb m\u00e8re adoptive \u00a0\u00bb : gr\u00e2ce \u00e0 elle, on d\u00e9couvre le parcours tourment\u00e9 de Louise de Cond\u00e9, filleule et cousine de Louis XVI, ses s\u00e9jours successifs en \u00e9migration, puis son installation au Temple de Paris que lui conc\u00e8de Louis XVIII afin d&rsquo;y fonder une communaut\u00e9 b\u00e9n\u00e9dictine.<\/p>\n<p>Apr\u00e8s la mort de sa bienfaitrice, El\u00e9onore, devenue marquise de Saint Chamans, raconte les cinquante ann\u00e9es de sa seconde vie, \u00e9voquant notamment les confidences \u00e9tonnantes du duc de Bourbon, en ao\u00fbt 1830, quelques heures avant sa tragique disparition \u00e0 Saint-Leu. Ses Souvenirs ont le m\u00e9rite de nous donner un tableau tr\u00e8s vivant, de sa \u00a0\u00bb marraine \u00a0\u00bb et de la haute soci\u00e9t\u00e9 fran\u00e7aise du XIXe si\u00e8cle : leur style simple et parfois na\u00eff, d&rsquo;une \u00e9l\u00e9gance conventionnelle compens\u00e9e par un ton sinc\u00e8re et tr\u00e8s personnel, compl\u00e8te heureusement l&rsquo;aust\u00e9rit\u00e9 des documents d&rsquo;archives classiques.<\/p>\n<div style=\"padding-bottom:20px; padding-top:10px;\" class=\"hupso-share-buttons\"><!-- Hupso Share Buttons - https:\/\/www.hupso.com\/share\/ --><a class=\"hupso_toolbar\" href=\"https:\/\/www.hupso.com\/share\/\"><img decoding=\"async\" src=\"https:\/\/static.hupso.com\/share\/buttons\/lang\/fr\/share-medium.png\" style=\"border:0px; padding-top: 5px; float:left;\" alt=\"Share Button\"\/><\/a><script type=\"text\/javascript\">var hupso_services_t=new Array(\"Twitter\",\"Facebook\",\"Pinterest\",\"Linkedin\",\"StumbleUpon\",\"Digg\",\"Reddit\",\"Bebo\",\"Delicious\");var hupso_background_t=\"#EAF4FF\";var hupso_border_t=\"#66CCFF\";var hupso_toolbar_size_t=\"medium\";var hupso_image_folder_url = \"\";var hupso_url_t=\"\";var hupso_title_t=\"Souvenir%20de%20la%20Marquise%20de%20Saint-Chamans\";<\/script><script type=\"text\/javascript\" src=\"https:\/\/static.hupso.com\/share\/js\/share_toolbar.js\"><\/script><!-- Hupso Share Buttons --><\/div><div id=\"disco-804416257\" class=\"disco-pub2 disco-entity-placement\"><script async src=\"\/\/pagead2.googlesyndication.com\/pagead\/js\/adsbygoogle.js?client=ca-pub-8639961027790050\" crossorigin=\"anonymous\"><\/script><ins class=\"adsbygoogle\" style=\"display:block;\" data-ad-client=\"ca-pub-8639961027790050\" \ndata-ad-slot=\"\" \ndata-ad-format=\"auto\"><\/ins>\n<script> \n(adsbygoogle = window.adsbygoogle || []).push({}); \n<\/script>\n<\/div>","protected":false},"excerpt":{"rendered":"<p>Fille d&rsquo;un pauvre ma\u00eetre de poste de Lituanie, la marquise de Saint Chamans est n\u00e9e El\u00e9onore Dombrowska.<\/p>\n<div style=\"padding-bottom:20px; padding-top:10px;\" class=\"hupso-share-buttons\"><!-- Hupso Share Buttons - https:\/\/www.hupso.com\/share\/ --><a class=\"hupso_toolbar\" href=\"https:\/\/www.hupso.com\/share\/\"><img src=\"https:\/\/static.hupso.com\/share\/buttons\/lang\/fr\/share-medium.png\" style=\"border:0px; padding-top: 5px; float:left;\" alt=\"Share Button\"\/><\/a><script type=\"text\/javascript\">var hupso_services_t=new Array(\"Twitter\",\"Facebook\",\"Pinterest\",\"Linkedin\",\"StumbleUpon\",\"Digg\",\"Reddit\",\"Bebo\",\"Delicious\");var hupso_background_t=\"#EAF4FF\";var hupso_border_t=\"#66CCFF\";var hupso_toolbar_size_t=\"medium\";var hupso_image_folder_url = \"\";var hupso_url_t=\"\";var hupso_title_t=\"Souvenir%20de%20la%20Marquise%20de%20Saint-Chamans\";<\/script><script type=\"text\/javascript\" src=\"https:\/\/static.hupso.com\/share\/js\/share_toolbar.js\"><\/script><!-- Hupso Share Buttons --><\/div>","protected":false},"featured_media":122,"comment_status":"open","ping_status":"closed","template":"","meta":[],"product_cat":[33],"product_tag":[53],"_links":{"self":[{"href":"https:\/\/discount-genealogie.lavoute.net\/index.php\/wp-json\/wp\/v2\/product\/104"}],"collection":[{"href":"https:\/\/discount-genealogie.lavoute.net\/index.php\/wp-json\/wp\/v2\/product"}],"about":[{"href":"https:\/\/discount-genealogie.lavoute.net\/index.php\/wp-json\/wp\/v2\/types\/product"}],"replies":[{"embeddable":true,"href":"https:\/\/discount-genealogie.lavoute.net\/index.php\/wp-json\/wp\/v2\/comments?post=104"}],"wp:featuredmedia":[{"embeddable":true,"href":"https:\/\/discount-genealogie.lavoute.net\/index.php\/wp-json\/wp\/v2\/media\/122"}],"wp:attachment":[{"href":"https:\/\/discount-genealogie.lavoute.net\/index.php\/wp-json\/wp\/v2\/media?parent=104"}],"wp:term":[{"taxonomy":"product_cat","embeddable":true,"href":"https:\/\/discount-genealogie.lavoute.net\/index.php\/wp-json\/wp\/v2\/product_cat?post=104"},{"taxonomy":"product_tag","embeddable":true,"href":"https:\/\/discount-genealogie.lavoute.net\/index.php\/wp-json\/wp\/v2\/product_tag?post=104"}],"curies":[{"name":"wp","href":"https:\/\/api.w.org\/{rel}","templated":true}]}}