{"id":106,"date":"2024-01-29T11:56:22","date_gmt":"2024-01-29T10:56:22","guid":{"rendered":"https:\/\/discount-genealogie.lavoute.net\/?post_type=product&#038;p=106"},"modified":"2024-08-29T16:49:50","modified_gmt":"2024-08-29T14:49:50","slug":"la-descendance-de-nicolas-fouquet","status":"publish","type":"product","link":"https:\/\/discount-genealogie.lavoute.net\/index.php\/produit\/la-descendance-de-nicolas-fouquet\/","title":{"rendered":"La descendance de Nicolas Fouquet"},"content":{"rendered":"<p>Nicolas Fouquet (1615-1680) obtient le poste de surintendant des Finances en 1653. La fortune fabuleuse amass\u00e9e au cours de ses huit ann\u00e9es de service lui permet de faire construire le splendide ch\u00e2teau de Vaux-le-Vicomte. Colbert, qui le poursuit d&rsquo;une haine tenace, guette sa place et tant de splendeurs finissent par irriter le roi. Nicolas Fouquet est arr\u00eat\u00e9 et enferm\u00e9 dans la forteresse de Pignerol. Sa descendance s&rsquo;\u00e9tend sur 15 g\u00e9n\u00e9rations. On y retrouve des personnages aussi vari\u00e9s que la duchesse de Berry, Madame Chirac, Claudia Cardinale, Alice Cocea, Dawn Adams, Louise de Vilmorin, Marguerite Yourcenar, Philippe de Villiers, Albert de Mun, des anciens pr\u00e9sidents de la r\u00e9publique de l&rsquo;\u00c9quateur, des descendants de la marquise de S\u00e9vign\u00e9, du comte de Paris, de La Rochefoucauld, de Colbert, des mar\u00e9chaux de Caulaincourt, de Grouchy, de Gouvion-Saint-Cyr, Mortier et Oudinot, de l&rsquo;industriel Oberkampf.<\/p>\n<div style=\"padding-bottom:20px; padding-top:10px;\" class=\"hupso-share-buttons\"><!-- Hupso Share Buttons - https:\/\/www.hupso.com\/share\/ --><a class=\"hupso_toolbar\" href=\"https:\/\/www.hupso.com\/share\/\"><img decoding=\"async\" src=\"https:\/\/static.hupso.com\/share\/buttons\/lang\/fr\/share-medium.png\" style=\"border:0px; padding-top: 5px; float:left;\" alt=\"Share Button\"\/><\/a><script type=\"text\/javascript\">var hupso_services_t=new Array(\"Twitter\",\"Facebook\",\"Pinterest\",\"Linkedin\",\"StumbleUpon\",\"Digg\",\"Reddit\",\"Bebo\",\"Delicious\");var hupso_background_t=\"#EAF4FF\";var hupso_border_t=\"#66CCFF\";var hupso_toolbar_size_t=\"medium\";var hupso_image_folder_url = \"\";var hupso_url_t=\"\";var hupso_title_t=\"La%20descendance%20de%20Nicolas%20Fouquet\";<\/script><script type=\"text\/javascript\" src=\"https:\/\/static.hupso.com\/share\/js\/share_toolbar.js\"><\/script><!-- Hupso Share Buttons --><\/div><div id=\"disco-4219648723\" class=\"disco-pub2 disco-entity-placement\"><script async src=\"\/\/pagead2.googlesyndication.com\/pagead\/js\/adsbygoogle.js?client=ca-pub-8639961027790050\" crossorigin=\"anonymous\"><\/script><ins class=\"adsbygoogle\" style=\"display:block;\" data-ad-client=\"ca-pub-8639961027790050\" \ndata-ad-slot=\"\" \ndata-ad-format=\"auto\"><\/ins>\n<script> \n(adsbygoogle = window.adsbygoogle || []).push({}); \n<\/script>\n<\/div>","protected":false},"excerpt":{"rendered":"<p>Nicolas Fouquet (1615-1680) obtient le poste de surintendant des Finances en 1653. La fortune fabuleuse amass\u00e9e au cours de ses huit ann\u00e9es de service lui permet de faire construire le splendide ch\u00e2teau de Vaux-le-Vicomte<\/p>\n<div style=\"padding-bottom:20px; padding-top:10px;\" class=\"hupso-share-buttons\"><!-- Hupso Share Buttons - https:\/\/www.hupso.com\/share\/ --><a class=\"hupso_toolbar\" href=\"https:\/\/www.hupso.com\/share\/\"><img src=\"https:\/\/static.hupso.com\/share\/buttons\/lang\/fr\/share-medium.png\" style=\"border:0px; padding-top: 5px; float:left;\" alt=\"Share Button\"\/><\/a><script type=\"text\/javascript\">var hupso_services_t=new Array(\"Twitter\",\"Facebook\",\"Pinterest\",\"Linkedin\",\"StumbleUpon\",\"Digg\",\"Reddit\",\"Bebo\",\"Delicious\");var hupso_background_t=\"#EAF4FF\";var hupso_border_t=\"#66CCFF\";var hupso_toolbar_size_t=\"medium\";var hupso_image_folder_url = \"\";var hupso_url_t=\"\";var hupso_title_t=\"La%20descendance%20de%20Nicolas%20Fouquet\";<\/script><script type=\"text\/javascript\" src=\"https:\/\/static.hupso.com\/share\/js\/share_toolbar.js\"><\/script><!-- Hupso Share Buttons --><\/div>","protected":false},"featured_media":123,"comment_status":"open","ping_status":"closed","template":"","meta":[],"product_cat":[30],"product_tag":[54],"_links":{"self":[{"href":"https:\/\/discount-genealogie.lavoute.net\/index.php\/wp-json\/wp\/v2\/product\/106"}],"collection":[{"href":"https:\/\/discount-genealogie.lavoute.net\/index.php\/wp-json\/wp\/v2\/product"}],"about":[{"href":"https:\/\/discount-genealogie.lavoute.net\/index.php\/wp-json\/wp\/v2\/types\/product"}],"replies":[{"embeddable":true,"href":"https:\/\/discount-genealogie.lavoute.net\/index.php\/wp-json\/wp\/v2\/comments?post=106"}],"wp:featuredmedia":[{"embeddable":true,"href":"https:\/\/discount-genealogie.lavoute.net\/index.php\/wp-json\/wp\/v2\/media\/123"}],"wp:attachment":[{"href":"https:\/\/discount-genealogie.lavoute.net\/index.php\/wp-json\/wp\/v2\/media?parent=106"}],"wp:term":[{"taxonomy":"product_cat","embeddable":true,"href":"https:\/\/discount-genealogie.lavoute.net\/index.php\/wp-json\/wp\/v2\/product_cat?post=106"},{"taxonomy":"product_tag","embeddable":true,"href":"https:\/\/discount-genealogie.lavoute.net\/index.php\/wp-json\/wp\/v2\/product_tag?post=106"}],"curies":[{"name":"wp","href":"https:\/\/api.w.org\/{rel}","templated":true}]}}