{"id":111,"date":"2024-01-29T12:09:26","date_gmt":"2024-01-29T11:09:26","guid":{"rendered":"https:\/\/discount-genealogie.lavoute.net\/?post_type=product&#038;p=111"},"modified":"2025-04-09T16:27:55","modified_gmt":"2025-04-09T14:27:55","slug":"les-ouvriers-de-paris-au-xixe-siecle","status":"publish","type":"product","link":"https:\/\/discount-genealogie.lavoute.net\/index.php\/produit\/les-ouvriers-de-paris-au-xixe-siecle\/","title":{"rendered":"Les ouvriers de Paris au XIXe si\u00e8cle"},"content":{"rendered":"<p>Paris \u00e9tait, et de loin, la premi\u00e8re agglom\u00e9ration ouvri\u00e8re de France et la gamme des m\u00e9tiers exerc\u00e9s touchait tous les secteurs. Peu de grandes fabriques, mais plut\u00f4t une multitude de petits ateliers employant des professionnels fiers de leur savoir-faire et de leur ind\u00e9pendance. Mais derri\u00e8re cette image, que de diversit\u00e9s de salaires, de temps de travail, de niveaux de vie, etc. C&rsquo;est l&rsquo;unit\u00e9 et la diversit\u00e9 des mondes ouvriers parisiens que d\u00e9crit cet ouvrage<\/p>\n<div style=\"padding-bottom:20px; padding-top:10px;\" class=\"hupso-share-buttons\"><!-- Hupso Share Buttons - https:\/\/www.hupso.com\/share\/ --><a class=\"hupso_toolbar\" href=\"https:\/\/www.hupso.com\/share\/\"><img decoding=\"async\" src=\"https:\/\/static.hupso.com\/share\/buttons\/lang\/fr\/share-medium.png\" style=\"border:0px; padding-top: 5px; float:left;\" alt=\"Share Button\"\/><\/a><script type=\"text\/javascript\">var hupso_services_t=new Array(\"Twitter\",\"Facebook\",\"Pinterest\",\"Linkedin\",\"StumbleUpon\",\"Digg\",\"Reddit\",\"Bebo\",\"Delicious\");var hupso_background_t=\"#EAF4FF\";var hupso_border_t=\"#66CCFF\";var hupso_toolbar_size_t=\"medium\";var hupso_image_folder_url = \"\";var hupso_url_t=\"\";var hupso_title_t=\"Les%20ouvriers%20de%20Paris%20au%20XIXe%20si%C3%A8cle\";<\/script><script type=\"text\/javascript\" src=\"https:\/\/static.hupso.com\/share\/js\/share_toolbar.js\"><\/script><!-- Hupso Share Buttons --><\/div><div id=\"disco-3659701374\" class=\"disco-pub2 disco-entity-placement\"><script async src=\"\/\/pagead2.googlesyndication.com\/pagead\/js\/adsbygoogle.js?client=ca-pub-8639961027790050\" crossorigin=\"anonymous\"><\/script><ins class=\"adsbygoogle\" style=\"display:block;\" data-ad-client=\"ca-pub-8639961027790050\" \ndata-ad-slot=\"\" \ndata-ad-format=\"auto\"><\/ins>\n<script> \n(adsbygoogle = window.adsbygoogle || []).push({}); \n<\/script>\n<\/div>","protected":false},"excerpt":{"rendered":"<p>Paris \u00e9tait, et de loin, la premi\u00e8re agglom\u00e9ration ouvri\u00e8re de France et la gamme des m\u00e9tiers exerc\u00e9s touchait tous les secteurs. Peu de grandes fabriques, mais plut\u00f4t une multitude de petits ateliers employant des professionnels fiers de leur savoir-faire et de leur ind\u00e9pendance. Mais derri\u00e8re cette image, que de diversit\u00e9s de salaires, de temps de travail, de niveaux de vie, etc. C&rsquo;est l&rsquo;unit\u00e9 et la diversit\u00e9 des mondes ouvriers parisiens que d\u00e9crit cet ouvrage<\/p>\n<div style=\"padding-bottom:20px; padding-top:10px;\" class=\"hupso-share-buttons\"><!-- Hupso Share Buttons - https:\/\/www.hupso.com\/share\/ --><a class=\"hupso_toolbar\" href=\"https:\/\/www.hupso.com\/share\/\"><img src=\"https:\/\/static.hupso.com\/share\/buttons\/lang\/fr\/share-medium.png\" style=\"border:0px; padding-top: 5px; float:left;\" alt=\"Share Button\"\/><\/a><script type=\"text\/javascript\">var hupso_services_t=new Array(\"Twitter\",\"Facebook\",\"Pinterest\",\"Linkedin\",\"StumbleUpon\",\"Digg\",\"Reddit\",\"Bebo\",\"Delicious\");var hupso_background_t=\"#EAF4FF\";var hupso_border_t=\"#66CCFF\";var hupso_toolbar_size_t=\"medium\";var hupso_image_folder_url = \"\";var hupso_url_t=\"\";var hupso_title_t=\"Les%20ouvriers%20de%20Paris%20au%20XIXe%20si%C3%A8cle\";<\/script><script type=\"text\/javascript\" src=\"https:\/\/static.hupso.com\/share\/js\/share_toolbar.js\"><\/script><!-- Hupso Share Buttons --><\/div>","protected":false},"featured_media":132,"comment_status":"open","ping_status":"closed","template":"","meta":[],"product_cat":[16],"product_tag":[58],"_links":{"self":[{"href":"https:\/\/discount-genealogie.lavoute.net\/index.php\/wp-json\/wp\/v2\/product\/111"}],"collection":[{"href":"https:\/\/discount-genealogie.lavoute.net\/index.php\/wp-json\/wp\/v2\/product"}],"about":[{"href":"https:\/\/discount-genealogie.lavoute.net\/index.php\/wp-json\/wp\/v2\/types\/product"}],"replies":[{"embeddable":true,"href":"https:\/\/discount-genealogie.lavoute.net\/index.php\/wp-json\/wp\/v2\/comments?post=111"}],"wp:featuredmedia":[{"embeddable":true,"href":"https:\/\/discount-genealogie.lavoute.net\/index.php\/wp-json\/wp\/v2\/media\/132"}],"wp:attachment":[{"href":"https:\/\/discount-genealogie.lavoute.net\/index.php\/wp-json\/wp\/v2\/media?parent=111"}],"wp:term":[{"taxonomy":"product_cat","embeddable":true,"href":"https:\/\/discount-genealogie.lavoute.net\/index.php\/wp-json\/wp\/v2\/product_cat?post=111"},{"taxonomy":"product_tag","embeddable":true,"href":"https:\/\/discount-genealogie.lavoute.net\/index.php\/wp-json\/wp\/v2\/product_tag?post=111"}],"curies":[{"name":"wp","href":"https:\/\/api.w.org\/{rel}","templated":true}]}}