{"id":112,"date":"2024-01-29T12:11:39","date_gmt":"2024-01-29T11:11:39","guid":{"rendered":"https:\/\/discount-genealogie.lavoute.net\/?post_type=product&#038;p=112"},"modified":"2025-03-20T18:52:36","modified_gmt":"2025-03-20T17:52:36","slug":"les-boulangers-lyonnais-aux-xixe-et-xxe-siecles","status":"publish","type":"product","link":"https:\/\/discount-genealogie.lavoute.net\/index.php\/produit\/les-boulangers-lyonnais-aux-xixe-et-xxe-siecles\/","title":{"rendered":"Les boulangers lyonnais aux XIXe et XXe si\u00e8cles"},"content":{"rendered":"<p>Le ma\u00eetre du pain peut-il devenir objet d&rsquo;histoire ? Ce livre y r\u00e9pond en choisissant, comme cadre pour cette \u00e9tude, Lyon, une m\u00e9tropole en pleine croissance d\u00e9mographique. On saura comment le pain est fabriqu\u00e9, ou conna\u00eetra la vie et les origines des ma\u00eetres et des gar\u00e7ons, leur place dans cete soci\u00e9t\u00e9 des petits boutiquiers mais aussi leur insertion dans la soci\u00e9t\u00e9 urbaine.Du profane au plus averti, ce remarquable ouvrage de synth\u00e8se sur l&rsquo;histoire des m\u00e9tiers saura s\u00e9duire le lecteur par son exhaustivit\u00e9, l&rsquo;importance du nombre d&rsquo;anecdotes significatives se rapportant aux activit\u00e9s essentielles de nos anc\u00eatres, et la qualit\u00e9 des gravures anciennes l&rsquo;illustrant. Les faits insolites li\u00e9s aux corporations marchandes fourmillent, c\u00f4toyant les origines de celles-ci, ainsi que les diff\u00e9rentes et parfois surprenantes r\u00e9glementations rythmant leur \u00e9volution.<\/p>\n<div style=\"padding-bottom:20px; padding-top:10px;\" class=\"hupso-share-buttons\"><!-- Hupso Share Buttons - https:\/\/www.hupso.com\/share\/ --><a class=\"hupso_toolbar\" href=\"https:\/\/www.hupso.com\/share\/\"><img decoding=\"async\" src=\"https:\/\/static.hupso.com\/share\/buttons\/lang\/fr\/share-medium.png\" style=\"border:0px; padding-top: 5px; float:left;\" alt=\"Share Button\"\/><\/a><script type=\"text\/javascript\">var hupso_services_t=new Array(\"Twitter\",\"Facebook\",\"Pinterest\",\"Linkedin\",\"StumbleUpon\",\"Digg\",\"Reddit\",\"Bebo\",\"Delicious\");var hupso_background_t=\"#EAF4FF\";var hupso_border_t=\"#66CCFF\";var hupso_toolbar_size_t=\"medium\";var hupso_image_folder_url = \"\";var hupso_url_t=\"\";var hupso_title_t=\"Les%20boulangers%20lyonnais%20aux%20XIXe%20et%20XXe%20si%C3%A8cles\";<\/script><script type=\"text\/javascript\" src=\"https:\/\/static.hupso.com\/share\/js\/share_toolbar.js\"><\/script><!-- Hupso Share Buttons --><\/div><div id=\"disco-3355976319\" class=\"disco-pub2 disco-entity-placement\"><script async src=\"\/\/pagead2.googlesyndication.com\/pagead\/js\/adsbygoogle.js?client=ca-pub-8639961027790050\" crossorigin=\"anonymous\"><\/script><ins class=\"adsbygoogle\" style=\"display:block;\" data-ad-client=\"ca-pub-8639961027790050\" \ndata-ad-slot=\"\" \ndata-ad-format=\"auto\"><\/ins>\n<script> \n(adsbygoogle = window.adsbygoogle || []).push({}); \n<\/script>\n<\/div>","protected":false},"excerpt":{"rendered":"<p>Le ma\u00eetre du pain peut-il devenir objet d&rsquo;histoire ? Ce livre y r\u00e9pond en choisissant, comme cadre pour cette \u00e9tude, Lyon, une m\u00e9tropole en pleine croissance d\u00e9mographique.<\/p>\n<div style=\"padding-bottom:20px; padding-top:10px;\" class=\"hupso-share-buttons\"><!-- Hupso Share Buttons - https:\/\/www.hupso.com\/share\/ --><a class=\"hupso_toolbar\" href=\"https:\/\/www.hupso.com\/share\/\"><img src=\"https:\/\/static.hupso.com\/share\/buttons\/lang\/fr\/share-medium.png\" style=\"border:0px; padding-top: 5px; float:left;\" alt=\"Share Button\"\/><\/a><script type=\"text\/javascript\">var hupso_services_t=new Array(\"Twitter\",\"Facebook\",\"Pinterest\",\"Linkedin\",\"StumbleUpon\",\"Digg\",\"Reddit\",\"Bebo\",\"Delicious\");var hupso_background_t=\"#EAF4FF\";var hupso_border_t=\"#66CCFF\";var hupso_toolbar_size_t=\"medium\";var hupso_image_folder_url = \"\";var hupso_url_t=\"\";var hupso_title_t=\"Les%20boulangers%20lyonnais%20aux%20XIXe%20et%20XXe%20si%C3%A8cles\";<\/script><script type=\"text\/javascript\" src=\"https:\/\/static.hupso.com\/share\/js\/share_toolbar.js\"><\/script><!-- Hupso Share Buttons --><\/div>","protected":false},"featured_media":131,"comment_status":"open","ping_status":"closed","template":"","meta":[],"product_cat":[16],"product_tag":[59],"_links":{"self":[{"href":"https:\/\/discount-genealogie.lavoute.net\/index.php\/wp-json\/wp\/v2\/product\/112"}],"collection":[{"href":"https:\/\/discount-genealogie.lavoute.net\/index.php\/wp-json\/wp\/v2\/product"}],"about":[{"href":"https:\/\/discount-genealogie.lavoute.net\/index.php\/wp-json\/wp\/v2\/types\/product"}],"replies":[{"embeddable":true,"href":"https:\/\/discount-genealogie.lavoute.net\/index.php\/wp-json\/wp\/v2\/comments?post=112"}],"wp:featuredmedia":[{"embeddable":true,"href":"https:\/\/discount-genealogie.lavoute.net\/index.php\/wp-json\/wp\/v2\/media\/131"}],"wp:attachment":[{"href":"https:\/\/discount-genealogie.lavoute.net\/index.php\/wp-json\/wp\/v2\/media?parent=112"}],"wp:term":[{"taxonomy":"product_cat","embeddable":true,"href":"https:\/\/discount-genealogie.lavoute.net\/index.php\/wp-json\/wp\/v2\/product_cat?post=112"},{"taxonomy":"product_tag","embeddable":true,"href":"https:\/\/discount-genealogie.lavoute.net\/index.php\/wp-json\/wp\/v2\/product_tag?post=112"}],"curies":[{"name":"wp","href":"https:\/\/api.w.org\/{rel}","templated":true}]}}