{"id":115,"date":"2024-01-29T12:15:32","date_gmt":"2024-01-29T11:15:32","guid":{"rendered":"https:\/\/discount-genealogie.lavoute.net\/?post_type=product&#038;p=115"},"modified":"2025-04-12T12:26:08","modified_gmt":"2025-04-12T10:26:08","slug":"la-vie-professionnelle-des-officiers-francais-au-xixe-siecle","status":"publish","type":"product","link":"https:\/\/discount-genealogie.lavoute.net\/index.php\/produit\/la-vie-professionnelle-des-officiers-francais-au-xixe-siecle\/","title":{"rendered":"La vie professionnelle des officiers fran\u00e7ais au XIXe si\u00e8cle"},"content":{"rendered":"<p>Cet ouvrage pr\u00e9sente le m\u00e9tier des officiers de la Monarchie de Juillet \u00e0 la Troisi\u00e8me R\u00e9publique : recrutement, emplois, combats, avancements et cessation de service. Derri\u00e8re l&rsquo;or des \u00e9paulettes, la r\u00e9alit\u00e9 est moins exaltante, mais davantage civique et tourn\u00e9e vers le service de l&rsquo;Etat qu&rsquo;on ne le dit g\u00e9n\u00e9ralement. Un ouvrage solide, par un sp\u00e9cialiste r\u00e9put\u00e9 d&rsquo;histoire militaire.<\/p>\n<div style=\"padding-bottom:20px; padding-top:10px;\" class=\"hupso-share-buttons\"><!-- Hupso Share Buttons - https:\/\/www.hupso.com\/share\/ --><a class=\"hupso_toolbar\" href=\"https:\/\/www.hupso.com\/share\/\"><img decoding=\"async\" src=\"https:\/\/static.hupso.com\/share\/buttons\/lang\/fr\/share-medium.png\" style=\"border:0px; padding-top: 5px; float:left;\" alt=\"Share Button\"\/><\/a><script type=\"text\/javascript\">var hupso_services_t=new Array(\"Twitter\",\"Facebook\",\"Pinterest\",\"Linkedin\",\"StumbleUpon\",\"Digg\",\"Reddit\",\"Bebo\",\"Delicious\");var hupso_background_t=\"#EAF4FF\";var hupso_border_t=\"#66CCFF\";var hupso_toolbar_size_t=\"medium\";var hupso_image_folder_url = \"\";var hupso_url_t=\"\";var hupso_title_t=\"La%20vie%20professionnelle%20des%20officiers%20fran%C3%A7ais%20au%20XIXe%20si%C3%A8cle\";<\/script><script type=\"text\/javascript\" src=\"https:\/\/static.hupso.com\/share\/js\/share_toolbar.js\"><\/script><!-- Hupso Share Buttons --><\/div><div id=\"disco-3322606436\" class=\"disco-pub2 disco-entity-placement\"><script async src=\"\/\/pagead2.googlesyndication.com\/pagead\/js\/adsbygoogle.js?client=ca-pub-8639961027790050\" crossorigin=\"anonymous\"><\/script><ins class=\"adsbygoogle\" style=\"display:block;\" data-ad-client=\"ca-pub-8639961027790050\" \ndata-ad-slot=\"\" \ndata-ad-format=\"auto\"><\/ins>\n<script> \n(adsbygoogle = window.adsbygoogle || []).push({}); \n<\/script>\n<\/div>","protected":false},"excerpt":{"rendered":"<p>Cet ouvrage pr\u00e9sente le m\u00e9tier des officiers de la Monarchie de Juillet \u00e0 la Troisi\u00e8me R\u00e9publique : recrutement, emplois, combats, avancements et cessation de service. Derri\u00e8re l&rsquo;or des \u00e9paulettes, la r\u00e9alit\u00e9 est moins exaltante, mais davantage civique et tourn\u00e9e vers le service de l&rsquo;Etat qu&rsquo;on ne le dit g\u00e9n\u00e9ralement. Un ouvrage solide, par un sp\u00e9cialiste r\u00e9put\u00e9 d&rsquo;histoire militaire.<\/p>\n<div style=\"padding-bottom:20px; padding-top:10px;\" class=\"hupso-share-buttons\"><!-- Hupso Share Buttons - https:\/\/www.hupso.com\/share\/ --><a class=\"hupso_toolbar\" href=\"https:\/\/www.hupso.com\/share\/\"><img src=\"https:\/\/static.hupso.com\/share\/buttons\/lang\/fr\/share-medium.png\" style=\"border:0px; padding-top: 5px; float:left;\" alt=\"Share Button\"\/><\/a><script type=\"text\/javascript\">var hupso_services_t=new Array(\"Twitter\",\"Facebook\",\"Pinterest\",\"Linkedin\",\"StumbleUpon\",\"Digg\",\"Reddit\",\"Bebo\",\"Delicious\");var hupso_background_t=\"#EAF4FF\";var hupso_border_t=\"#66CCFF\";var hupso_toolbar_size_t=\"medium\";var hupso_image_folder_url = \"\";var hupso_url_t=\"\";var hupso_title_t=\"La%20vie%20professionnelle%20des%20officiers%20fran%C3%A7ais%20au%20XIXe%20si%C3%A8cle\";<\/script><script type=\"text\/javascript\" src=\"https:\/\/static.hupso.com\/share\/js\/share_toolbar.js\"><\/script><!-- Hupso Share Buttons --><\/div>","protected":false},"featured_media":133,"comment_status":"open","ping_status":"closed","template":"","meta":[],"product_cat":[16],"product_tag":[61],"_links":{"self":[{"href":"https:\/\/discount-genealogie.lavoute.net\/index.php\/wp-json\/wp\/v2\/product\/115"}],"collection":[{"href":"https:\/\/discount-genealogie.lavoute.net\/index.php\/wp-json\/wp\/v2\/product"}],"about":[{"href":"https:\/\/discount-genealogie.lavoute.net\/index.php\/wp-json\/wp\/v2\/types\/product"}],"replies":[{"embeddable":true,"href":"https:\/\/discount-genealogie.lavoute.net\/index.php\/wp-json\/wp\/v2\/comments?post=115"}],"wp:featuredmedia":[{"embeddable":true,"href":"https:\/\/discount-genealogie.lavoute.net\/index.php\/wp-json\/wp\/v2\/media\/133"}],"wp:attachment":[{"href":"https:\/\/discount-genealogie.lavoute.net\/index.php\/wp-json\/wp\/v2\/media?parent=115"}],"wp:term":[{"taxonomy":"product_cat","embeddable":true,"href":"https:\/\/discount-genealogie.lavoute.net\/index.php\/wp-json\/wp\/v2\/product_cat?post=115"},{"taxonomy":"product_tag","embeddable":true,"href":"https:\/\/discount-genealogie.lavoute.net\/index.php\/wp-json\/wp\/v2\/product_tag?post=115"}],"curies":[{"name":"wp","href":"https:\/\/api.w.org\/{rel}","templated":true}]}}