{"id":50,"date":"2020-07-18T11:34:47","date_gmt":"2020-07-18T09:34:47","guid":{"rendered":"http:\/\/discount-genealogie.lavoute.net\/?post_type=product&#038;p=50"},"modified":"2024-01-23T18:03:33","modified_gmt":"2024-01-23T17:03:33","slug":"les-beauharnais-tome-i-les-grands-ancetres","status":"publish","type":"product","link":"https:\/\/discount-genealogie.lavoute.net\/index.php\/produit\/les-beauharnais-tome-i-les-grands-ancetres\/","title":{"rendered":"Les Beauharnais &#8211; Tome I &#8211; Les Grands Anc\u00eatres"},"content":{"rendered":"<p>Ce premier volume retrace l&rsquo;histoire des \u00ab grands anc\u00eatres \u00bb ; ceux d&rsquo;avant l&rsquo;Empire. Grands bourgeois orl\u00e9anais d\u00e8s la fin du XIVe si\u00e8cle, les Beauharnais acc\u00e8dent \u00e0 la noblesse en 1583. Gr\u00e2ce \u00e0 leur proche parent\u00e9 avec les S\u00e9guier et les Pontchartrain, ils int\u00e8grent peu apr\u00e8s les Conseils du roi. Au XVIIIe si\u00e8cle, Fran\u00e7ois V et Charles de Beauharnais sont respectivement intendant et gouverneur de Nouvelle-France. Leur neveu Fran\u00e7ois VI devient gouverneur de la Martinique au moment de la guerre de Sept Ans. Fils a\u00een\u00e9 de ce dernier, Fran\u00e7ois VII s&rsquo;illustre comme l&rsquo;un des plus fid\u00e8les d\u00e9fenseurs de la Monarchie, d&rsquo;abord sur les bancs de l&rsquo;Assembl\u00e9e constituante, puis en \u00c9migration. Rentr\u00e9 en France, il fait all\u00e9geance \u00e0 Napol\u00e9on Ier. Nomm\u00e9 ambassadeur en Espagne, il tente de marier le prince des Asturies \u00e0 St\u00e9phanie de La Pagerie ! \u00c0 l&rsquo;inverse, son fr\u00e8re cadet Alexandre se lance \u00e0 corps perdu dans la R\u00e9volution et meurt guillotin\u00e9<\/p>\n<div style=\"padding-bottom:20px; padding-top:10px;\" class=\"hupso-share-buttons\"><!-- Hupso Share Buttons - https:\/\/www.hupso.com\/share\/ --><a class=\"hupso_toolbar\" href=\"https:\/\/www.hupso.com\/share\/\"><img decoding=\"async\" src=\"https:\/\/static.hupso.com\/share\/buttons\/lang\/fr\/share-medium.png\" style=\"border:0px; padding-top: 5px; float:left;\" alt=\"Share Button\"\/><\/a><script type=\"text\/javascript\">var hupso_services_t=new Array(\"Twitter\",\"Facebook\",\"Pinterest\",\"Linkedin\",\"StumbleUpon\",\"Digg\",\"Reddit\",\"Bebo\",\"Delicious\");var hupso_background_t=\"#EAF4FF\";var hupso_border_t=\"#66CCFF\";var hupso_toolbar_size_t=\"medium\";var hupso_image_folder_url = \"\";var hupso_url_t=\"\";var hupso_title_t=\"Les%20Beauharnais%20-%20Tome%20I%20-%20Les%20Grands%20Anc%C3%AAtres\";<\/script><script type=\"text\/javascript\" src=\"https:\/\/static.hupso.com\/share\/js\/share_toolbar.js\"><\/script><!-- Hupso Share Buttons --><\/div><div id=\"disco-1651381656\" class=\"disco-pub2 disco-entity-placement\"><script async src=\"\/\/pagead2.googlesyndication.com\/pagead\/js\/adsbygoogle.js?client=ca-pub-8639961027790050\" crossorigin=\"anonymous\"><\/script><ins class=\"adsbygoogle\" style=\"display:block;\" data-ad-client=\"ca-pub-8639961027790050\" \ndata-ad-slot=\"\" \ndata-ad-format=\"auto\"><\/ins>\n<script> \n(adsbygoogle = window.adsbygoogle || []).push({}); \n<\/script>\n<\/div>","protected":false},"excerpt":{"rendered":"<p>Ce premier volume retrace l&rsquo;histoire des \u00ab grands anc\u00eatres \u00bb ; ceux d&rsquo;avant l&rsquo;Empire. Grands bourgeois orl\u00e9anais d\u00e8s la fin du XIVe si\u00e8cle, les Beauharnais acc\u00e8dent \u00e0 la noblesse en 1583. Gr\u00e2ce \u00e0 leur proche parent\u00e9 avec les S\u00e9guier et les Pontchartrain, ils int\u00e8grent peu apr\u00e8s les Conseils du roi.<\/p>\n<div style=\"padding-bottom:20px; padding-top:10px;\" class=\"hupso-share-buttons\"><!-- Hupso Share Buttons - https:\/\/www.hupso.com\/share\/ --><a class=\"hupso_toolbar\" href=\"https:\/\/www.hupso.com\/share\/\"><img src=\"https:\/\/static.hupso.com\/share\/buttons\/lang\/fr\/share-medium.png\" style=\"border:0px; padding-top: 5px; float:left;\" alt=\"Share Button\"\/><\/a><script type=\"text\/javascript\">var hupso_services_t=new Array(\"Twitter\",\"Facebook\",\"Pinterest\",\"Linkedin\",\"StumbleUpon\",\"Digg\",\"Reddit\",\"Bebo\",\"Delicious\");var hupso_background_t=\"#EAF4FF\";var hupso_border_t=\"#66CCFF\";var hupso_toolbar_size_t=\"medium\";var hupso_image_folder_url = \"\";var hupso_url_t=\"\";var hupso_title_t=\"Les%20Beauharnais%20-%20Tome%20I%20-%20Les%20Grands%20Anc%C3%AAtres\";<\/script><script type=\"text\/javascript\" src=\"https:\/\/static.hupso.com\/share\/js\/share_toolbar.js\"><\/script><!-- Hupso Share Buttons --><\/div>","protected":false},"featured_media":51,"comment_status":"open","ping_status":"closed","template":"","meta":[],"product_cat":[18],"product_tag":[24],"_links":{"self":[{"href":"https:\/\/discount-genealogie.lavoute.net\/index.php\/wp-json\/wp\/v2\/product\/50"}],"collection":[{"href":"https:\/\/discount-genealogie.lavoute.net\/index.php\/wp-json\/wp\/v2\/product"}],"about":[{"href":"https:\/\/discount-genealogie.lavoute.net\/index.php\/wp-json\/wp\/v2\/types\/product"}],"replies":[{"embeddable":true,"href":"https:\/\/discount-genealogie.lavoute.net\/index.php\/wp-json\/wp\/v2\/comments?post=50"}],"wp:featuredmedia":[{"embeddable":true,"href":"https:\/\/discount-genealogie.lavoute.net\/index.php\/wp-json\/wp\/v2\/media\/51"}],"wp:attachment":[{"href":"https:\/\/discount-genealogie.lavoute.net\/index.php\/wp-json\/wp\/v2\/media?parent=50"}],"wp:term":[{"taxonomy":"product_cat","embeddable":true,"href":"https:\/\/discount-genealogie.lavoute.net\/index.php\/wp-json\/wp\/v2\/product_cat?post=50"},{"taxonomy":"product_tag","embeddable":true,"href":"https:\/\/discount-genealogie.lavoute.net\/index.php\/wp-json\/wp\/v2\/product_tag?post=50"}],"curies":[{"name":"wp","href":"https:\/\/api.w.org\/{rel}","templated":true}]}}