{"id":55,"date":"2020-07-18T11:45:09","date_gmt":"2020-07-18T09:45:09","guid":{"rendered":"http:\/\/discount-genealogie.lavoute.net\/?post_type=product&#038;p=55"},"modified":"2023-12-02T10:28:56","modified_gmt":"2023-12-02T09:28:56","slug":"oberkampf-sa-famille-et-sa-descendance","status":"publish","type":"product","link":"https:\/\/discount-genealogie.lavoute.net\/index.php\/produit\/oberkampf-sa-famille-et-sa-descendance\/","title":{"rendered":"Oberkampf, sa famille et sa descendance"},"content":{"rendered":"<div id=\"idTab1\" class=\"\">\n<p>Fils d&rsquo;un teinturier de Bavi\u00e8re, Christophe-Philippe Oberkampf n&rsquo;avait que 21 ans lorsqu&rsquo;il fonda \u00e0 Jouy en Josas la premi\u00e8re manufactures de toiles imprim\u00e9es \u00e0 l&rsquo;aide de planches de cuivre. Sa manufacture employa plus de 1000 personnes dans la premi\u00e8re d\u00e9cennie du XIX\u00b0 s.<\/p>\n<p>Naturalis\u00e9 fran\u00e7ais en 1770 et anobli en 1787 par Louis XVI, Oberkampf a eu de ses 2 mariages, 8 enfants dont 4 seulement atteignirent l&rsquo;\u00e2ge adulte et firent de brillants mariages.<\/p>\n<\/div>\n<div style=\"padding-bottom:20px; padding-top:10px;\" class=\"hupso-share-buttons\"><!-- Hupso Share Buttons - https:\/\/www.hupso.com\/share\/ --><a class=\"hupso_toolbar\" href=\"https:\/\/www.hupso.com\/share\/\"><img decoding=\"async\" src=\"https:\/\/static.hupso.com\/share\/buttons\/lang\/fr\/share-medium.png\" style=\"border:0px; padding-top: 5px; float:left;\" alt=\"Share Button\"\/><\/a><script type=\"text\/javascript\">var hupso_services_t=new Array(\"Twitter\",\"Facebook\",\"Pinterest\",\"Linkedin\",\"StumbleUpon\",\"Digg\",\"Reddit\",\"Bebo\",\"Delicious\");var hupso_background_t=\"#EAF4FF\";var hupso_border_t=\"#66CCFF\";var hupso_toolbar_size_t=\"medium\";var hupso_image_folder_url = \"\";var hupso_url_t=\"\";var hupso_title_t=\"Oberkampf%2C%20sa%20famille%20et%20sa%20descendance\";<\/script><script type=\"text\/javascript\" src=\"https:\/\/static.hupso.com\/share\/js\/share_toolbar.js\"><\/script><!-- Hupso Share Buttons --><\/div><div id=\"disco-3697032895\" class=\"disco-pub2 disco-entity-placement\"><script async src=\"\/\/pagead2.googlesyndication.com\/pagead\/js\/adsbygoogle.js?client=ca-pub-8639961027790050\" crossorigin=\"anonymous\"><\/script><ins class=\"adsbygoogle\" style=\"display:block;\" data-ad-client=\"ca-pub-8639961027790050\" \ndata-ad-slot=\"\" \ndata-ad-format=\"auto\"><\/ins>\n<script> \n(adsbygoogle = window.adsbygoogle || []).push({}); \n<\/script>\n<\/div>","protected":false},"excerpt":{"rendered":"<p>Fils d&rsquo;un teinturier de Bavi\u00e8re, Christophe-Philippe Oberkampf n&rsquo;avait que 21 ans lorsqu&rsquo;il fonda \u00e0 Jouy en Josas la premi\u00e8re manufactures de toiles imprim\u00e9es \u00e0 l&rsquo;aide de planches de cuivre. Sa manufacture employa plus de 1000 personnes dans la premi\u00e8re d\u00e9cennie du XIX\u00b0 s.<\/p>\n<div style=\"padding-bottom:20px; padding-top:10px;\" class=\"hupso-share-buttons\"><!-- Hupso Share Buttons - https:\/\/www.hupso.com\/share\/ --><a class=\"hupso_toolbar\" href=\"https:\/\/www.hupso.com\/share\/\"><img src=\"https:\/\/static.hupso.com\/share\/buttons\/lang\/fr\/share-medium.png\" style=\"border:0px; padding-top: 5px; float:left;\" alt=\"Share Button\"\/><\/a><script type=\"text\/javascript\">var hupso_services_t=new Array(\"Twitter\",\"Facebook\",\"Pinterest\",\"Linkedin\",\"StumbleUpon\",\"Digg\",\"Reddit\",\"Bebo\",\"Delicious\");var hupso_background_t=\"#EAF4FF\";var hupso_border_t=\"#66CCFF\";var hupso_toolbar_size_t=\"medium\";var hupso_image_folder_url = \"\";var hupso_url_t=\"\";var hupso_title_t=\"Oberkampf%2C%20sa%20famille%20et%20sa%20descendance\";<\/script><script type=\"text\/javascript\" src=\"https:\/\/static.hupso.com\/share\/js\/share_toolbar.js\"><\/script><!-- Hupso Share Buttons --><\/div>","protected":false},"featured_media":56,"comment_status":"open","ping_status":"closed","template":"","meta":[],"product_cat":[18],"product_tag":[29,28],"_links":{"self":[{"href":"https:\/\/discount-genealogie.lavoute.net\/index.php\/wp-json\/wp\/v2\/product\/55"}],"collection":[{"href":"https:\/\/discount-genealogie.lavoute.net\/index.php\/wp-json\/wp\/v2\/product"}],"about":[{"href":"https:\/\/discount-genealogie.lavoute.net\/index.php\/wp-json\/wp\/v2\/types\/product"}],"replies":[{"embeddable":true,"href":"https:\/\/discount-genealogie.lavoute.net\/index.php\/wp-json\/wp\/v2\/comments?post=55"}],"wp:featuredmedia":[{"embeddable":true,"href":"https:\/\/discount-genealogie.lavoute.net\/index.php\/wp-json\/wp\/v2\/media\/56"}],"wp:attachment":[{"href":"https:\/\/discount-genealogie.lavoute.net\/index.php\/wp-json\/wp\/v2\/media?parent=55"}],"wp:term":[{"taxonomy":"product_cat","embeddable":true,"href":"https:\/\/discount-genealogie.lavoute.net\/index.php\/wp-json\/wp\/v2\/product_cat?post=55"},{"taxonomy":"product_tag","embeddable":true,"href":"https:\/\/discount-genealogie.lavoute.net\/index.php\/wp-json\/wp\/v2\/product_tag?post=55"}],"curies":[{"name":"wp","href":"https:\/\/api.w.org\/{rel}","templated":true}]}}