{"id":57,"date":"2020-07-20T19:45:56","date_gmt":"2020-07-20T17:45:56","guid":{"rendered":"http:\/\/discount-genealogie.lavoute.net\/?post_type=product&#038;p=57"},"modified":"2025-06-11T20:47:40","modified_gmt":"2025-06-11T18:47:40","slug":"la-descendance-du-general-de-montholon-1783-1853-compagnon-de-napoleon-a-saint-helene","status":"publish","type":"product","link":"https:\/\/discount-genealogie.lavoute.net\/index.php\/produit\/la-descendance-du-general-de-montholon-1783-1853-compagnon-de-napoleon-a-saint-helene\/","title":{"rendered":"La Descendance du G\u00e9n\u00e9ral de Montholon (1783-1853) &#8211; Compagnon de Napol\u00e9on \u00e0 Saint-H\u00e9l\u00e8ne"},"content":{"rendered":"<p style=\"text-align: left;\">Une longue amiti\u00e9 avec Napol\u00e9on m\u00e8ne le g\u00e9n\u00e9ral de Montholon (1783-1853) \u00e0 partager six ann\u00e9es de captivit\u00e9 \u00e0 Sainte-H\u00e9l\u00e8ne et plus tard six autres au fort de Ham avec le futur Napol\u00e9on III. L&rsquo;honneur retrouv\u00e9 du g\u00e9n\u00e9ral de Montholon (de Jacques Mac\u00e9, \u00c9ditions Christian) raconte son existence mouvement\u00e9e et le lave des soup\u00e7ons d&#8217;empoisonnement sur la personne de Napol\u00e9on Ier \u00e0 Sainte-H\u00e9l\u00e8ne. De ses deux mariages avec Albine de Vassal et Caroline O&rsquo;Hara, il a cinq enfants, dont deux meurent jeunes et un sans post\u00e9rit\u00e9. Son second fils, Charles-Fr\u00e9d\u00e9ric, est l&rsquo;anc\u00eatre des familles Arago, de Cand\u00e9, Garcin, de Malherbe, Secr\u00e9tan. De sa fille Napol\u00e9one descendent les du Cou\u00ebdic de Kergoaler, Lacombe de Lapeyrouse, de Launay, de Saint-Bon, de Villeneuve-Flayosc, Sabatier d&rsquo;Espeyran, de Z\u00e9licourt et bien d&rsquo;autres.<\/p>\n<div style=\"padding-bottom:20px; padding-top:10px;\" class=\"hupso-share-buttons\"><!-- Hupso Share Buttons - https:\/\/www.hupso.com\/share\/ --><a class=\"hupso_toolbar\" href=\"https:\/\/www.hupso.com\/share\/\"><img decoding=\"async\" src=\"https:\/\/static.hupso.com\/share\/buttons\/lang\/fr\/share-medium.png\" style=\"border:0px; padding-top: 5px; float:left;\" alt=\"Share Button\"\/><\/a><script type=\"text\/javascript\">var hupso_services_t=new Array(\"Twitter\",\"Facebook\",\"Pinterest\",\"Linkedin\",\"StumbleUpon\",\"Digg\",\"Reddit\",\"Bebo\",\"Delicious\");var hupso_background_t=\"#EAF4FF\";var hupso_border_t=\"#66CCFF\";var hupso_toolbar_size_t=\"medium\";var hupso_image_folder_url = \"\";var hupso_url_t=\"\";var hupso_title_t=\"La%20Descendance%20du%20G%C3%A9n%C3%A9ral%20de%20Montholon%20%281783-1853%29%20-%20Compagnon%20de%20Napol%C3%A9on%20%C3%A0%20Saint-H%C3%A9l%C3%A8ne\";<\/script><script type=\"text\/javascript\" src=\"https:\/\/static.hupso.com\/share\/js\/share_toolbar.js\"><\/script><!-- Hupso Share Buttons --><\/div><div id=\"disco-2494100368\" class=\"disco-pub2 disco-entity-placement\"><script async src=\"\/\/pagead2.googlesyndication.com\/pagead\/js\/adsbygoogle.js?client=ca-pub-8639961027790050\" crossorigin=\"anonymous\"><\/script><ins class=\"adsbygoogle\" style=\"display:block;\" data-ad-client=\"ca-pub-8639961027790050\" \ndata-ad-slot=\"\" \ndata-ad-format=\"auto\"><\/ins>\n<script> \n(adsbygoogle = window.adsbygoogle || []).push({}); \n<\/script>\n<\/div>","protected":false},"excerpt":{"rendered":"<p>Une longue amiti\u00e9 avec Napol\u00e9on m\u00e8ne le g\u00e9n\u00e9ral de Montholon (1783-1853) \u00e0 partager six ann\u00e9es de captivit\u00e9 \u00e0 Sainte-H\u00e9l\u00e8ne et plus tard six autres au fort de Ham avec le futur Napol\u00e9on III.<\/p>\n<div style=\"padding-bottom:20px; padding-top:10px;\" class=\"hupso-share-buttons\"><!-- Hupso Share Buttons - https:\/\/www.hupso.com\/share\/ --><a class=\"hupso_toolbar\" href=\"https:\/\/www.hupso.com\/share\/\"><img src=\"https:\/\/static.hupso.com\/share\/buttons\/lang\/fr\/share-medium.png\" style=\"border:0px; padding-top: 5px; float:left;\" alt=\"Share Button\"\/><\/a><script type=\"text\/javascript\">var hupso_services_t=new Array(\"Twitter\",\"Facebook\",\"Pinterest\",\"Linkedin\",\"StumbleUpon\",\"Digg\",\"Reddit\",\"Bebo\",\"Delicious\");var hupso_background_t=\"#EAF4FF\";var hupso_border_t=\"#66CCFF\";var hupso_toolbar_size_t=\"medium\";var hupso_image_folder_url = \"\";var hupso_url_t=\"\";var hupso_title_t=\"La%20Descendance%20du%20G%C3%A9n%C3%A9ral%20de%20Montholon%20%281783-1853%29%20-%20Compagnon%20de%20Napol%C3%A9on%20%C3%A0%20Saint-H%C3%A9l%C3%A8ne\";<\/script><script type=\"text\/javascript\" src=\"https:\/\/static.hupso.com\/share\/js\/share_toolbar.js\"><\/script><!-- Hupso Share Buttons --><\/div>","protected":false},"featured_media":58,"comment_status":"open","ping_status":"closed","template":"","meta":[],"product_cat":[30],"product_tag":[31,21,32],"_links":{"self":[{"href":"https:\/\/discount-genealogie.lavoute.net\/index.php\/wp-json\/wp\/v2\/product\/57"}],"collection":[{"href":"https:\/\/discount-genealogie.lavoute.net\/index.php\/wp-json\/wp\/v2\/product"}],"about":[{"href":"https:\/\/discount-genealogie.lavoute.net\/index.php\/wp-json\/wp\/v2\/types\/product"}],"replies":[{"embeddable":true,"href":"https:\/\/discount-genealogie.lavoute.net\/index.php\/wp-json\/wp\/v2\/comments?post=57"}],"wp:featuredmedia":[{"embeddable":true,"href":"https:\/\/discount-genealogie.lavoute.net\/index.php\/wp-json\/wp\/v2\/media\/58"}],"wp:attachment":[{"href":"https:\/\/discount-genealogie.lavoute.net\/index.php\/wp-json\/wp\/v2\/media?parent=57"}],"wp:term":[{"taxonomy":"product_cat","embeddable":true,"href":"https:\/\/discount-genealogie.lavoute.net\/index.php\/wp-json\/wp\/v2\/product_cat?post=57"},{"taxonomy":"product_tag","embeddable":true,"href":"https:\/\/discount-genealogie.lavoute.net\/index.php\/wp-json\/wp\/v2\/product_tag?post=57"}],"curies":[{"name":"wp","href":"https:\/\/api.w.org\/{rel}","templated":true}]}}