{"id":59,"date":"2020-07-21T12:42:52","date_gmt":"2020-07-21T10:42:52","guid":{"rendered":"http:\/\/discount-genealogie.lavoute.net\/?post_type=product&#038;p=59"},"modified":"2025-05-23T16:32:24","modified_gmt":"2025-05-23T14:32:24","slug":"sainte-beuve-ami-fidele-dapres-sa-correspondance-avec-victor-et-theodore-pavie","status":"publish","type":"product","link":"https:\/\/discount-genealogie.lavoute.net\/index.php\/produit\/sainte-beuve-ami-fidele-dapres-sa-correspondance-avec-victor-et-theodore-pavie\/","title":{"rendered":"Sainte-Beuve &#8211; Ami fid\u00e8le d&rsquo;apr\u00e8s sa correspondance avec Victor et Th\u00e9odore Pavie"},"content":{"rendered":"<p>N\u00e9 en 1804 \u00e0 Boulogne-sur-Mer, Charles-Augustin Sainte-Beuve entre au journal Le Globe \u00e0 20 ans, o\u00f9 il est d\u00e9j\u00e0 critique litt\u00e9raire.<\/p>\n<p>Il se lie d&rsquo;amiti\u00e9 avec Victor Hugo, chez qui il rencontre Victor Pavie et son fr\u00e8re Th\u00e9odore, \u00e9minent orientaliste, professeur au Coll\u00e8ge de France et p\u00e9n\u00e8tre dans le C\u00e9nacle, groupement litt\u00e9raire qui r\u00e9unit des \u00e9crivains romantiques, luttant contre le formalisme classique. Auteur de roman comme Volupt\u00e9 (1834), d&rsquo;\u00e9tudes historiques comme Port-Royal (1840-1859), il r\u00e9unit ses nombreux articles dans ses Critiques et portraits (1836-1846), Causeries du lundi (1851-1862) et Nouveaux lundis (1863-1869).<\/p>\n<p>Sa po\u00e9sie annonce celle de Baudelaire et Verlaine. S&rsquo;appuyant sur une solide documentation, il renouvelle le genre de la critique litt\u00e9raire et ses jugements sur la p\u00e9riode classique feront longtemps autorit\u00e9. \u00c0 sa mort en 1869, il laisse une nombreuse correspondance, sp\u00e9cialement avec Victor Pavie, install\u00e9 en Anjou. C&rsquo;est \u00e0 partir de ces lettres, dont beaucoup sont in\u00e9dites, qu&rsquo;Erwan Dalbine pr\u00e9sente un portrait de Sainte-Beuve dans son intimit\u00e9 profonde, plus humain que son oeuvre ne le laisse entrevoir.<\/p>\n<div style=\"padding-bottom:20px; padding-top:10px;\" class=\"hupso-share-buttons\"><!-- Hupso Share Buttons - https:\/\/www.hupso.com\/share\/ --><a class=\"hupso_toolbar\" href=\"https:\/\/www.hupso.com\/share\/\"><img decoding=\"async\" src=\"https:\/\/static.hupso.com\/share\/buttons\/lang\/fr\/share-medium.png\" style=\"border:0px; padding-top: 5px; float:left;\" alt=\"Share Button\"\/><\/a><script type=\"text\/javascript\">var hupso_services_t=new Array(\"Twitter\",\"Facebook\",\"Pinterest\",\"Linkedin\",\"StumbleUpon\",\"Digg\",\"Reddit\",\"Bebo\",\"Delicious\");var hupso_background_t=\"#EAF4FF\";var hupso_border_t=\"#66CCFF\";var hupso_toolbar_size_t=\"medium\";var hupso_image_folder_url = \"\";var hupso_url_t=\"\";var hupso_title_t=\"Sainte-Beuve%20-%20Ami%20fid%C3%A8le%20d%27apr%C3%A8s%20sa%20correspondance%20avec%20Victor%20et%20Th%C3%A9odore%20Pavie\";<\/script><script type=\"text\/javascript\" src=\"https:\/\/static.hupso.com\/share\/js\/share_toolbar.js\"><\/script><!-- Hupso Share Buttons --><\/div><div id=\"disco-1856955846\" class=\"disco-pub2 disco-entity-placement\"><script async src=\"\/\/pagead2.googlesyndication.com\/pagead\/js\/adsbygoogle.js?client=ca-pub-8639961027790050\" crossorigin=\"anonymous\"><\/script><ins class=\"adsbygoogle\" style=\"display:block;\" data-ad-client=\"ca-pub-8639961027790050\" \ndata-ad-slot=\"\" \ndata-ad-format=\"auto\"><\/ins>\n<script> \n(adsbygoogle = window.adsbygoogle || []).push({}); \n<\/script>\n<\/div>","protected":false},"excerpt":{"rendered":"<p>N\u00e9 en 1804 \u00e0 Boulogne-sur-Mer, Charles-Augustin Sainte-Beuve entre au journal Le Globe \u00e0 20 ans, o\u00f9 il est d\u00e9j\u00e0 critique litt\u00e9raire.<\/p>\n<div style=\"padding-bottom:20px; padding-top:10px;\" class=\"hupso-share-buttons\"><!-- Hupso Share Buttons - https:\/\/www.hupso.com\/share\/ --><a class=\"hupso_toolbar\" href=\"https:\/\/www.hupso.com\/share\/\"><img src=\"https:\/\/static.hupso.com\/share\/buttons\/lang\/fr\/share-medium.png\" style=\"border:0px; padding-top: 5px; float:left;\" alt=\"Share Button\"\/><\/a><script type=\"text\/javascript\">var hupso_services_t=new Array(\"Twitter\",\"Facebook\",\"Pinterest\",\"Linkedin\",\"StumbleUpon\",\"Digg\",\"Reddit\",\"Bebo\",\"Delicious\");var hupso_background_t=\"#EAF4FF\";var hupso_border_t=\"#66CCFF\";var hupso_toolbar_size_t=\"medium\";var hupso_image_folder_url = \"\";var hupso_url_t=\"\";var hupso_title_t=\"Sainte-Beuve%20-%20Ami%20fid%C3%A8le%20d%27apr%C3%A8s%20sa%20correspondance%20avec%20Victor%20et%20Th%C3%A9odore%20Pavie\";<\/script><script type=\"text\/javascript\" src=\"https:\/\/static.hupso.com\/share\/js\/share_toolbar.js\"><\/script><!-- Hupso Share Buttons --><\/div>","protected":false},"featured_media":60,"comment_status":"open","ping_status":"closed","template":"","meta":[],"product_cat":[33],"product_tag":[34,35],"_links":{"self":[{"href":"https:\/\/discount-genealogie.lavoute.net\/index.php\/wp-json\/wp\/v2\/product\/59"}],"collection":[{"href":"https:\/\/discount-genealogie.lavoute.net\/index.php\/wp-json\/wp\/v2\/product"}],"about":[{"href":"https:\/\/discount-genealogie.lavoute.net\/index.php\/wp-json\/wp\/v2\/types\/product"}],"replies":[{"embeddable":true,"href":"https:\/\/discount-genealogie.lavoute.net\/index.php\/wp-json\/wp\/v2\/comments?post=59"}],"wp:featuredmedia":[{"embeddable":true,"href":"https:\/\/discount-genealogie.lavoute.net\/index.php\/wp-json\/wp\/v2\/media\/60"}],"wp:attachment":[{"href":"https:\/\/discount-genealogie.lavoute.net\/index.php\/wp-json\/wp\/v2\/media?parent=59"}],"wp:term":[{"taxonomy":"product_cat","embeddable":true,"href":"https:\/\/discount-genealogie.lavoute.net\/index.php\/wp-json\/wp\/v2\/product_cat?post=59"},{"taxonomy":"product_tag","embeddable":true,"href":"https:\/\/discount-genealogie.lavoute.net\/index.php\/wp-json\/wp\/v2\/product_tag?post=59"}],"curies":[{"name":"wp","href":"https:\/\/api.w.org\/{rel}","templated":true}]}}