{"id":62,"date":"2020-10-06T12:19:46","date_gmt":"2020-10-06T10:19:46","guid":{"rendered":"http:\/\/discount-genealogie.lavoute.net\/?post_type=product&#038;p=62"},"modified":"2024-04-24T18:09:40","modified_gmt":"2024-04-24T16:09:40","slug":"la-maison-berthe-de-pommery-en-lorraine-les-maisons-du-houx-de-hennecourt-baudel-de-vaudrecourt-et-leurs-alliances","status":"publish","type":"product","link":"https:\/\/discount-genealogie.lavoute.net\/index.php\/produit\/la-maison-berthe-de-pommery-en-lorraine-les-maisons-du-houx-de-hennecourt-baudel-de-vaudrecourt-et-leurs-alliances\/","title":{"rendered":"La maison Berthe de Pommery en Lorraine &#8211; Les maisons du Houx de Hennecourt, Baudel de Vaudrecourt et leurs alliances"},"content":{"rendered":"<p>\u00c9crire sur la maison Berthe de Pommery en Lorraine peut sembler au premier abord surprenant.<\/p>\n<p>car cette famille, qui tire ses racines de Picardie. n&rsquo;est arriv\u00e9e en Lorraine que tardivement, \u00e0 l&rsquo;occasion d&rsquo;un mariage au XIXe si\u00e8cle. Cependant, elle a fait souche en Lorraine et, au gr\u00e9 des mariages, elle s&rsquo;est alli\u00e9e \u00e0 deux anciennes maisons : les maisons du Houx de Hennecourt et Baudel de Vaudrecourt, profond\u00e9ment ancr\u00e9es dans r\u00e9gion. Si la nombreuse descendance de ces deux mariages s&rsquo;est \u00e9tablie partout en France et au-del\u00e0, il est \u00e0 noter que de nos jours, les Pommery sont toujours pr\u00e9sents en Lorraine.<\/p>\n<p>Cette maison a donn\u00e9 un s\u00e9nateur de Meurthe-et-Moselle et de nombreux officiers, dont plusieurs sont morts pour la France, durant les Guerres 1914-1918 et 1939-1945. Cet ouvrage met en valeur une riche histoire familiale, \u00e0 travers l&rsquo;\u00e9tude des fonds anciens de la biblioth\u00e8que municipale de Nancy des archives d\u00e9partementales de Meurthe-et-Moselle.<\/p>\n<div style=\"padding-bottom:20px; padding-top:10px;\" class=\"hupso-share-buttons\"><!-- Hupso Share Buttons - https:\/\/www.hupso.com\/share\/ --><a class=\"hupso_toolbar\" href=\"https:\/\/www.hupso.com\/share\/\"><img decoding=\"async\" src=\"https:\/\/static.hupso.com\/share\/buttons\/lang\/fr\/share-medium.png\" style=\"border:0px; padding-top: 5px; float:left;\" alt=\"Share Button\"\/><\/a><script type=\"text\/javascript\">var hupso_services_t=new Array(\"Twitter\",\"Facebook\",\"Pinterest\",\"Linkedin\",\"StumbleUpon\",\"Digg\",\"Reddit\",\"Bebo\",\"Delicious\");var hupso_background_t=\"#EAF4FF\";var hupso_border_t=\"#66CCFF\";var hupso_toolbar_size_t=\"medium\";var hupso_image_folder_url = \"\";var hupso_url_t=\"\";var hupso_title_t=\"La%20maison%20Berthe%20de%20Pommery%20en%20Lorraine%20-%20Les%20maisons%20du%20Houx%20de%20Hennecourt%2C%20Baudel%20de%20Vaudrecourt%20et%20leurs%20alliances\";<\/script><script type=\"text\/javascript\" src=\"https:\/\/static.hupso.com\/share\/js\/share_toolbar.js\"><\/script><!-- Hupso Share Buttons --><\/div><div id=\"disco-2693370780\" class=\"disco-pub2 disco-entity-placement\"><script async src=\"\/\/pagead2.googlesyndication.com\/pagead\/js\/adsbygoogle.js?client=ca-pub-8639961027790050\" crossorigin=\"anonymous\"><\/script><ins class=\"adsbygoogle\" style=\"display:block;\" data-ad-client=\"ca-pub-8639961027790050\" \ndata-ad-slot=\"\" \ndata-ad-format=\"auto\"><\/ins>\n<script> \n(adsbygoogle = window.adsbygoogle || []).push({}); \n<\/script>\n<\/div>","protected":false},"excerpt":{"rendered":"<p>\u00c9crire sur la maison Berthe de Pommery en Lorraine peut sembler au premier abord surprenant.<\/p>\n<div style=\"padding-bottom:20px; padding-top:10px;\" class=\"hupso-share-buttons\"><!-- Hupso Share Buttons - https:\/\/www.hupso.com\/share\/ --><a class=\"hupso_toolbar\" href=\"https:\/\/www.hupso.com\/share\/\"><img src=\"https:\/\/static.hupso.com\/share\/buttons\/lang\/fr\/share-medium.png\" style=\"border:0px; padding-top: 5px; float:left;\" alt=\"Share Button\"\/><\/a><script type=\"text\/javascript\">var hupso_services_t=new Array(\"Twitter\",\"Facebook\",\"Pinterest\",\"Linkedin\",\"StumbleUpon\",\"Digg\",\"Reddit\",\"Bebo\",\"Delicious\");var hupso_background_t=\"#EAF4FF\";var hupso_border_t=\"#66CCFF\";var hupso_toolbar_size_t=\"medium\";var hupso_image_folder_url = \"\";var hupso_url_t=\"\";var hupso_title_t=\"La%20maison%20Berthe%20de%20Pommery%20en%20Lorraine%20-%20Les%20maisons%20du%20Houx%20de%20Hennecourt%2C%20Baudel%20de%20Vaudrecourt%20et%20leurs%20alliances\";<\/script><script type=\"text\/javascript\" src=\"https:\/\/static.hupso.com\/share\/js\/share_toolbar.js\"><\/script><!-- Hupso Share Buttons --><\/div>","protected":false},"featured_media":63,"comment_status":"open","ping_status":"closed","template":"","meta":[],"product_cat":[18],"product_tag":[36],"_links":{"self":[{"href":"https:\/\/discount-genealogie.lavoute.net\/index.php\/wp-json\/wp\/v2\/product\/62"}],"collection":[{"href":"https:\/\/discount-genealogie.lavoute.net\/index.php\/wp-json\/wp\/v2\/product"}],"about":[{"href":"https:\/\/discount-genealogie.lavoute.net\/index.php\/wp-json\/wp\/v2\/types\/product"}],"replies":[{"embeddable":true,"href":"https:\/\/discount-genealogie.lavoute.net\/index.php\/wp-json\/wp\/v2\/comments?post=62"}],"wp:featuredmedia":[{"embeddable":true,"href":"https:\/\/discount-genealogie.lavoute.net\/index.php\/wp-json\/wp\/v2\/media\/63"}],"wp:attachment":[{"href":"https:\/\/discount-genealogie.lavoute.net\/index.php\/wp-json\/wp\/v2\/media?parent=62"}],"wp:term":[{"taxonomy":"product_cat","embeddable":true,"href":"https:\/\/discount-genealogie.lavoute.net\/index.php\/wp-json\/wp\/v2\/product_cat?post=62"},{"taxonomy":"product_tag","embeddable":true,"href":"https:\/\/discount-genealogie.lavoute.net\/index.php\/wp-json\/wp\/v2\/product_tag?post=62"}],"curies":[{"name":"wp","href":"https:\/\/api.w.org\/{rel}","templated":true}]}}