{"id":67,"date":"2020-10-14T19:35:52","date_gmt":"2020-10-14T17:35:52","guid":{"rendered":"http:\/\/discount-genealogie.lavoute.net\/?post_type=product&#038;p=67"},"modified":"2024-07-08T06:49:28","modified_gmt":"2024-07-08T04:49:28","slug":"joseph-michel-cadet-munitionnaire-du-roi-en-nouvelle-france","status":"publish","type":"product","link":"https:\/\/discount-genealogie.lavoute.net\/index.php\/produit\/joseph-michel-cadet-munitionnaire-du-roi-en-nouvelle-france\/","title":{"rendered":"Joseph Michel Cadet munitionnaire du Roi en Nouvelle-France"},"content":{"rendered":"<p>LE MUNITIONNAIRE CADET ?<\/p>\n<p>Un voleur de la bande \u00e0 Bigot, un escroc, un fauteur de famines, qui s&rsquo;est enrichi \u00e9perdument pendant la guerre de la Conqu\u00eate (1756-1760), alors que la Nouvelle-France s&rsquo;\u00e9croulait et que la population mourait de faim. Voil\u00e0 l&rsquo;image sombre que la m\u00e9moire collective qu\u00e9b\u00e9coise, aliment\u00e9e par les intellectuels et les historiens, a retenue de cet homme d&rsquo;affaires d&rsquo;origine qu\u00e9b\u00e9coise qui a pass\u00e9 trois ans \u00e0 la Bastille (1761-1764) et qui a fini ses jours en France.Or, ce livre r\u00e9fute cette interpr\u00e9tation. Appuy\u00e9 sur une solide documentation et une m\u00e9thodologie rigoureuse, l&rsquo;auteur d\u00e9montre que Cadet a plut\u00f4t assum\u00e9 correctement son mandat de munitionnaire dans une conjoncture difficile o\u00f9 s\u00e9vissaient une guerre totale et une crise \u00e9conomique sans pr\u00e9c\u00e9dent. Il pense aussi qu&rsquo;il fut victime de l&rsquo;intransigeance d&rsquo;un \u00c9tat m\u00e9tropolitain en qu\u00eate d&rsquo;un pr\u00e9texte (que lui fournira le jugement rendu dans l'\u00a0\u00bb Affaire du Canada \u00ab\u00a0) pour d\u00e9valuer le papier-monnaie \u00e9mis \u00e0 la fin du r\u00e9gime fran\u00e7ais et qu&rsquo;au total l&rsquo;entreprise des vivres fut nettement \u00e0 l&rsquo;avantage de l&rsquo;\u00c9tat.<\/p>\n<div style=\"padding-bottom:20px; padding-top:10px;\" class=\"hupso-share-buttons\"><!-- Hupso Share Buttons - https:\/\/www.hupso.com\/share\/ --><a class=\"hupso_toolbar\" href=\"https:\/\/www.hupso.com\/share\/\"><img decoding=\"async\" src=\"https:\/\/static.hupso.com\/share\/buttons\/lang\/fr\/share-medium.png\" style=\"border:0px; padding-top: 5px; float:left;\" alt=\"Share Button\"\/><\/a><script type=\"text\/javascript\">var hupso_services_t=new Array(\"Twitter\",\"Facebook\",\"Pinterest\",\"Linkedin\",\"StumbleUpon\",\"Digg\",\"Reddit\",\"Bebo\",\"Delicious\");var hupso_background_t=\"#EAF4FF\";var hupso_border_t=\"#66CCFF\";var hupso_toolbar_size_t=\"medium\";var hupso_image_folder_url = \"\";var hupso_url_t=\"\";var hupso_title_t=\"Joseph%20Michel%20Cadet%20munitionnaire%20du%20Roi%20en%20Nouvelle-France\";<\/script><script type=\"text\/javascript\" src=\"https:\/\/static.hupso.com\/share\/js\/share_toolbar.js\"><\/script><!-- Hupso Share Buttons --><\/div><div id=\"disco-2309755671\" class=\"disco-pub2 disco-entity-placement\"><script async src=\"\/\/pagead2.googlesyndication.com\/pagead\/js\/adsbygoogle.js?client=ca-pub-8639961027790050\" crossorigin=\"anonymous\"><\/script><ins class=\"adsbygoogle\" style=\"display:block;\" data-ad-client=\"ca-pub-8639961027790050\" \ndata-ad-slot=\"\" \ndata-ad-format=\"auto\"><\/ins>\n<script> \n(adsbygoogle = window.adsbygoogle || []).push({}); \n<\/script>\n<\/div>","protected":false},"excerpt":{"rendered":"<p>LE MUNITIONNAIRE CADET ? Un voleur de la bande \u00e0 Bigot, un escroc, un fauteur de famines, qui s&rsquo;est enrichi \u00e9perdument pendant la guerre de la Conqu\u00eate (1756-1760), alors que la Nouvelle-France s&rsquo;\u00e9croulait et que la population mourait de faim<\/p>\n<div style=\"padding-bottom:20px; padding-top:10px;\" class=\"hupso-share-buttons\"><!-- Hupso Share Buttons - https:\/\/www.hupso.com\/share\/ --><a class=\"hupso_toolbar\" href=\"https:\/\/www.hupso.com\/share\/\"><img src=\"https:\/\/static.hupso.com\/share\/buttons\/lang\/fr\/share-medium.png\" style=\"border:0px; padding-top: 5px; float:left;\" alt=\"Share Button\"\/><\/a><script type=\"text\/javascript\">var hupso_services_t=new Array(\"Twitter\",\"Facebook\",\"Pinterest\",\"Linkedin\",\"StumbleUpon\",\"Digg\",\"Reddit\",\"Bebo\",\"Delicious\");var hupso_background_t=\"#EAF4FF\";var hupso_border_t=\"#66CCFF\";var hupso_toolbar_size_t=\"medium\";var hupso_image_folder_url = \"\";var hupso_url_t=\"\";var hupso_title_t=\"Joseph%20Michel%20Cadet%20munitionnaire%20du%20Roi%20en%20Nouvelle-France\";<\/script><script type=\"text\/javascript\" src=\"https:\/\/static.hupso.com\/share\/js\/share_toolbar.js\"><\/script><!-- Hupso Share Buttons --><\/div>","protected":false},"featured_media":68,"comment_status":"open","ping_status":"closed","template":"","meta":[],"product_cat":[16],"product_tag":[38],"_links":{"self":[{"href":"https:\/\/discount-genealogie.lavoute.net\/index.php\/wp-json\/wp\/v2\/product\/67"}],"collection":[{"href":"https:\/\/discount-genealogie.lavoute.net\/index.php\/wp-json\/wp\/v2\/product"}],"about":[{"href":"https:\/\/discount-genealogie.lavoute.net\/index.php\/wp-json\/wp\/v2\/types\/product"}],"replies":[{"embeddable":true,"href":"https:\/\/discount-genealogie.lavoute.net\/index.php\/wp-json\/wp\/v2\/comments?post=67"}],"wp:featuredmedia":[{"embeddable":true,"href":"https:\/\/discount-genealogie.lavoute.net\/index.php\/wp-json\/wp\/v2\/media\/68"}],"wp:attachment":[{"href":"https:\/\/discount-genealogie.lavoute.net\/index.php\/wp-json\/wp\/v2\/media?parent=67"}],"wp:term":[{"taxonomy":"product_cat","embeddable":true,"href":"https:\/\/discount-genealogie.lavoute.net\/index.php\/wp-json\/wp\/v2\/product_cat?post=67"},{"taxonomy":"product_tag","embeddable":true,"href":"https:\/\/discount-genealogie.lavoute.net\/index.php\/wp-json\/wp\/v2\/product_tag?post=67"}],"curies":[{"name":"wp","href":"https:\/\/api.w.org\/{rel}","templated":true}]}}