{"id":73,"date":"2022-04-08T10:52:13","date_gmt":"2022-04-08T08:52:13","guid":{"rendered":"http:\/\/discount-genealogie.lavoute.net\/?post_type=product&#038;p=73"},"modified":"2024-11-10T23:49:15","modified_gmt":"2024-11-10T22:49:15","slug":"la-descendance-de-charles-x-roi-de-france-1er-edition-1987","status":"publish","type":"product","link":"https:\/\/discount-genealogie.lavoute.net\/index.php\/produit\/la-descendance-de-charles-x-roi-de-france-1er-edition-1987\/","title":{"rendered":"La descendance de Charles X Roi de France 1er \u00e9dition 1987"},"content":{"rendered":"<p>Charles X, le dernier des rois de France, a une tr\u00e8s nombreuse post\u00e9rit\u00e9 issue de son fils, le duc de Berry, qui eut d&rsquo;abord deux filles d&rsquo;une liaison avec une anglaise, Amy Brown, puis une autre fille, mari\u00e9e au duc de Parme, et le comte Chambord de son mariage avec Marie-Caroline de Bourbon-Sicile. De nombreuses notes historiques et biographiques compl\u00e8tent cette g\u00e9n\u00e9alogie qui r\u00e9unit, aux c\u00f4t\u00e9s d&rsquo;une partie du Gotha europ\u00e9en, l&rsquo;\u00e9pouse d&rsquo;un pr\u00e9sident de la R\u00e9publique, plusieurs ministres, et m\u00eame la descendance tahitienne d&rsquo;un prince allemand ! Un bel exemple de recherche descendante.<\/p>\n<div style=\"padding-bottom:20px; padding-top:10px;\" class=\"hupso-share-buttons\"><!-- Hupso Share Buttons - https:\/\/www.hupso.com\/share\/ --><a class=\"hupso_toolbar\" href=\"https:\/\/www.hupso.com\/share\/\"><img decoding=\"async\" src=\"https:\/\/static.hupso.com\/share\/buttons\/lang\/fr\/share-medium.png\" style=\"border:0px; padding-top: 5px; float:left;\" alt=\"Share Button\"\/><\/a><script type=\"text\/javascript\">var hupso_services_t=new Array(\"Twitter\",\"Facebook\",\"Pinterest\",\"Linkedin\",\"StumbleUpon\",\"Digg\",\"Reddit\",\"Bebo\",\"Delicious\");var hupso_background_t=\"#EAF4FF\";var hupso_border_t=\"#66CCFF\";var hupso_toolbar_size_t=\"medium\";var hupso_image_folder_url = \"\";var hupso_url_t=\"\";var hupso_title_t=\"La%20descendance%20de%20Charles%20X%20Roi%20de%20France%201er%20%C3%A9dition%201987\";<\/script><script type=\"text\/javascript\" src=\"https:\/\/static.hupso.com\/share\/js\/share_toolbar.js\"><\/script><!-- Hupso Share Buttons --><\/div><div id=\"disco-48985206\" class=\"disco-pub2 disco-entity-placement\"><script async src=\"\/\/pagead2.googlesyndication.com\/pagead\/js\/adsbygoogle.js?client=ca-pub-8639961027790050\" crossorigin=\"anonymous\"><\/script><ins class=\"adsbygoogle\" style=\"display:block;\" data-ad-client=\"ca-pub-8639961027790050\" \ndata-ad-slot=\"\" \ndata-ad-format=\"auto\"><\/ins>\n<script> \n(adsbygoogle = window.adsbygoogle || []).push({}); \n<\/script>\n<\/div>","protected":false},"excerpt":{"rendered":"<p style=\"text-align: center;\"><strong>1er Edition de 1987<\/strong><\/p>\n<p>Charles X, le dernier des rois de France, a une tr\u00e8s nombreuse post\u00e9rit\u00e9 issue de son fils, le duc de Berry, qui eut d&rsquo;abord deux filles d&rsquo;une liaison avec une anglaise, Amy Brown, puis une autre fille, mari\u00e9e au duc de Parme, et le comte Chambord de son mariage avec Marie-Caroline de Bourbon-Sicile<\/p>\n<div style=\"padding-bottom:20px; padding-top:10px;\" class=\"hupso-share-buttons\"><!-- Hupso Share Buttons - https:\/\/www.hupso.com\/share\/ --><a class=\"hupso_toolbar\" href=\"https:\/\/www.hupso.com\/share\/\"><img src=\"https:\/\/static.hupso.com\/share\/buttons\/lang\/fr\/share-medium.png\" style=\"border:0px; padding-top: 5px; float:left;\" alt=\"Share Button\"\/><\/a><script type=\"text\/javascript\">var hupso_services_t=new Array(\"Twitter\",\"Facebook\",\"Pinterest\",\"Linkedin\",\"StumbleUpon\",\"Digg\",\"Reddit\",\"Bebo\",\"Delicious\");var hupso_background_t=\"#EAF4FF\";var hupso_border_t=\"#66CCFF\";var hupso_toolbar_size_t=\"medium\";var hupso_image_folder_url = \"\";var hupso_url_t=\"\";var hupso_title_t=\"La%20descendance%20de%20Charles%20X%20Roi%20de%20France%201er%20%C3%A9dition%201987\";<\/script><script type=\"text\/javascript\" src=\"https:\/\/static.hupso.com\/share\/js\/share_toolbar.js\"><\/script><!-- Hupso Share Buttons --><\/div>","protected":false},"featured_media":74,"comment_status":"open","ping_status":"closed","template":"","meta":[],"product_cat":[39],"product_tag":[40,41],"_links":{"self":[{"href":"https:\/\/discount-genealogie.lavoute.net\/index.php\/wp-json\/wp\/v2\/product\/73"}],"collection":[{"href":"https:\/\/discount-genealogie.lavoute.net\/index.php\/wp-json\/wp\/v2\/product"}],"about":[{"href":"https:\/\/discount-genealogie.lavoute.net\/index.php\/wp-json\/wp\/v2\/types\/product"}],"replies":[{"embeddable":true,"href":"https:\/\/discount-genealogie.lavoute.net\/index.php\/wp-json\/wp\/v2\/comments?post=73"}],"wp:featuredmedia":[{"embeddable":true,"href":"https:\/\/discount-genealogie.lavoute.net\/index.php\/wp-json\/wp\/v2\/media\/74"}],"wp:attachment":[{"href":"https:\/\/discount-genealogie.lavoute.net\/index.php\/wp-json\/wp\/v2\/media?parent=73"}],"wp:term":[{"taxonomy":"product_cat","embeddable":true,"href":"https:\/\/discount-genealogie.lavoute.net\/index.php\/wp-json\/wp\/v2\/product_cat?post=73"},{"taxonomy":"product_tag","embeddable":true,"href":"https:\/\/discount-genealogie.lavoute.net\/index.php\/wp-json\/wp\/v2\/product_tag?post=73"}],"curies":[{"name":"wp","href":"https:\/\/api.w.org\/{rel}","templated":true}]}}